{"id":2,"date":"2019-07-12T16:32:59","date_gmt":"2019-07-12T21:32:59","guid":{"rendered":"http:\/\/expressometro.tk\/?page_id=2"},"modified":"2019-09-12T18:43:30","modified_gmt":"2019-09-12T23:43:30","slug":"editorial","status":"publish","type":"page","link":"https:\/\/expressometro.mx\/index.php\/editorial\/","title":{"rendered":"Editorial"},"content":{"rendered":"\n<p>Con la creaci\u00f3n de la Revista Expresso Metropolitano se pretende generar la participaci\u00f3n, el debate y generar la informaci\u00f3n que requieren los ciudadanos en una democracia que empieza a consolidarse despu\u00e9s de una larga transici\u00f3n. Las principales l\u00edneas de trabajo estar\u00e1n orientadas a generar material producto de la investigaci\u00f3n acuciosa y responsable, s\u00f3lida por las fuentes de informaci\u00f3n con que se cuente. Tambi\u00e9n considera trabajos de an\u00e1lisis, que permitan a los ciudadanos formularse una idea sobre sucesos que por lo regular son complejos, m\u00e1s en un ambiente en el que se manejan datos de diversos actores y que dificultan su compresi\u00f3n. Finalmente, la generaci\u00f3n de informaci\u00f3n permitir\u00e1 abordar los asuntos que se generan d\u00eda a d\u00eda, y que configuran en conjunto, una parte importante del trabajo period\u00edstico. <\/p>\n","protected":false},"excerpt":{"rendered":"<p>Con la creaci\u00f3n de la Revista Expresso Metropolitano se pretende generar la participaci\u00f3n, el debate y generar la informaci\u00f3n que requieren los ciudadanos en una democracia que empieza a consolidarse despu\u00e9s de una larga transici\u00f3n. Las principales l\u00edneas de trabajo estar\u00e1n orientadas a generar material producto de la investigaci\u00f3n acuciosa y responsable, s\u00f3lida por las fuentes de informaci\u00f3n con que se cuente. Tambi\u00e9n considera trabajos de an\u00e1lisis, que permitan a los ciudadanos formularse una idea sobre sucesos que por lo regular son complejos, m\u00e1s en un ambiente en el que&hellip;<\/p>\n","protected":false},"author":1,"featured_media":0,"parent":0,"menu_order":0,"comment_status":"closed","ping_status":"closed","template":"","meta":{"footnotes":""},"class_list":["post-2","page","type-page","status-publish","hentry"],"yoast_head":"<!-- This site is optimized with the Yoast SEO plugin v27.4 - https:\/\/yoast.com\/product\/yoast-seo-wordpress\/ -->\n<title>Editorial - Expresso Metropolitano<\/title>\n<meta name=\"robots\" content=\"index, follow, max-snippet:-1, max-image-preview:large, max-video-preview:-1\" \/>\n<link rel=\"canonical\" href=\"https:\/\/expressometro.mx\/index.php\/editorial\/\" \/>\n<meta property=\"og:locale\" content=\"es_MX\" \/>\n<meta property=\"og:type\" content=\"article\" \/>\n<meta property=\"og:title\" content=\"Editorial - Expresso Metropolitano\" \/>\n<meta property=\"og:description\" content=\"Con la creaci\u00f3n de la Revista Expresso Metropolitano se pretende generar la participaci\u00f3n, el debate y generar la informaci\u00f3n que requieren los ciudadanos en una democracia que empieza a consolidarse despu\u00e9s de una larga transici\u00f3n. Las principales l\u00edneas de trabajo estar\u00e1n orientadas a generar material producto de la investigaci\u00f3n acuciosa y responsable, s\u00f3lida por las fuentes de informaci\u00f3n con que se cuente. Tambi\u00e9n considera trabajos de an\u00e1lisis, que permitan a los ciudadanos formularse una idea sobre sucesos que por lo regular son complejos, m\u00e1s en un ambiente en el que&hellip;\" \/>\n<meta property=\"og:url\" content=\"https:\/\/expressometro.mx\/index.php\/editorial\/\" \/>\n<meta property=\"og:site_name\" content=\"Expresso Metropolitano\" \/>\n<meta property=\"article:modified_time\" content=\"2019-09-12T23:43:30+00:00\" \/>\n<meta name=\"twitter:label1\" content=\"Tiempo de lectura\" \/>\n\t<meta name=\"twitter:data1\" content=\"1 minuto\" \/>\n<script type=\"application\/ld+json\" class=\"yoast-schema-graph\">{\"@context\":\"https:\\\/\\\/schema.org\",\"@graph\":[{\"@type\":\"WebPage\",\"@id\":\"https:\\\/\\\/expressometro.mx\\\/index.php\\\/editorial\\\/\",\"url\":\"https:\\\/\\\/expressometro.mx\\\/index.php\\\/editorial\\\/\",\"name\":\"Editorial - Expresso Metropolitano\",\"isPartOf\":{\"@id\":\"https:\\\/\\\/expressometro.mx\\\/#website\"},\"datePublished\":\"2019-07-12T21:32:59+00:00\",\"dateModified\":\"2019-09-12T23:43:30+00:00\",\"breadcrumb\":{\"@id\":\"https:\\\/\\\/expressometro.mx\\\/index.php\\\/editorial\\\/#breadcrumb\"},\"inLanguage\":\"es\",\"potentialAction\":[{\"@type\":\"ReadAction\",\"target\":[\"https:\\\/\\\/expressometro.mx\\\/index.php\\\/editorial\\\/\"]}]},{\"@type\":\"BreadcrumbList\",\"@id\":\"https:\\\/\\\/expressometro.mx\\\/index.php\\\/editorial\\\/#breadcrumb\",\"itemListElement\":[{\"@type\":\"ListItem\",\"position\":1,\"name\":\"Inicio\",\"item\":\"https:\\\/\\\/expressometro.mx\\\/\"},{\"@type\":\"ListItem\",\"position\":2,\"name\":\"Editorial\"}]},{\"@type\":\"WebSite\",\"@id\":\"https:\\\/\\\/expressometro.mx\\\/#website\",\"url\":\"https:\\\/\\\/expressometro.mx\\\/\",\"name\":\"Expresso Metropolitano\",\"description\":\"Periodismo comprometido, informaci\u00f3n, investigaci\u00f3n y an\u00e1lisis\",\"publisher\":{\"@id\":\"https:\\\/\\\/expressometro.mx\\\/#organization\"},\"potentialAction\":[{\"@type\":\"SearchAction\",\"target\":{\"@type\":\"EntryPoint\",\"urlTemplate\":\"https:\\\/\\\/expressometro.mx\\\/?s={search_term_string}\"},\"query-input\":{\"@type\":\"PropertyValueSpecification\",\"valueRequired\":true,\"valueName\":\"search_term_string\"}}],\"inLanguage\":\"es\"},{\"@type\":\"Organization\",\"@id\":\"https:\\\/\\\/expressometro.mx\\\/#organization\",\"name\":\"Expresso Metropolitano\",\"url\":\"https:\\\/\\\/expressometro.mx\\\/\",\"logo\":{\"@type\":\"ImageObject\",\"inLanguage\":\"es\",\"@id\":\"https:\\\/\\\/expressometro.mx\\\/#\\\/schema\\\/logo\\\/image\\\/\",\"url\":\"https:\\\/\\\/expressometro.mx\\\/wp-content\\\/uploads\\\/2019\\\/07\\\/cropped-Logo-Expresso-Metropolitano-1-1.jpeg\",\"contentUrl\":\"https:\\\/\\\/expressometro.mx\\\/wp-content\\\/uploads\\\/2019\\\/07\\\/cropped-Logo-Expresso-Metropolitano-1-1.jpeg\",\"width\":290,\"height\":73,\"caption\":\"Expresso Metropolitano\"},\"image\":{\"@id\":\"https:\\\/\\\/expressometro.mx\\\/#\\\/schema\\\/logo\\\/image\\\/\"}}]}<\/script>\n<!-- \/ Yoast SEO plugin. -->","yoast_head_json":{"title":"Editorial - Expresso Metropolitano","robots":{"index":"index","follow":"follow","max-snippet":"max-snippet:-1","max-image-preview":"max-image-preview:large","max-video-preview":"max-video-preview:-1"},"canonical":"https:\/\/expressometro.mx\/index.php\/editorial\/","og_locale":"es_MX","og_type":"article","og_title":"Editorial - Expresso Metropolitano","og_description":"Con la creaci\u00f3n de la Revista Expresso Metropolitano se pretende generar la participaci\u00f3n, el debate y generar la informaci\u00f3n que requieren los ciudadanos en una democracia que empieza a consolidarse despu\u00e9s de una larga transici\u00f3n. Las principales l\u00edneas de trabajo estar\u00e1n orientadas a generar material producto de la investigaci\u00f3n acuciosa y responsable, s\u00f3lida por las fuentes de informaci\u00f3n con que se cuente. Tambi\u00e9n considera trabajos de an\u00e1lisis, que permitan a los ciudadanos formularse una idea sobre sucesos que por lo regular son complejos, m\u00e1s en un ambiente en el que&hellip;","og_url":"https:\/\/expressometro.mx\/index.php\/editorial\/","og_site_name":"Expresso Metropolitano","article_modified_time":"2019-09-12T23:43:30+00:00","twitter_misc":{"Tiempo de lectura":"1 minuto"},"schema":{"@context":"https:\/\/schema.org","@graph":[{"@type":"WebPage","@id":"https:\/\/expressometro.mx\/index.php\/editorial\/","url":"https:\/\/expressometro.mx\/index.php\/editorial\/","name":"Editorial - Expresso Metropolitano","isPartOf":{"@id":"https:\/\/expressometro.mx\/#website"},"datePublished":"2019-07-12T21:32:59+00:00","dateModified":"2019-09-12T23:43:30+00:00","breadcrumb":{"@id":"https:\/\/expressometro.mx\/index.php\/editorial\/#breadcrumb"},"inLanguage":"es","potentialAction":[{"@type":"ReadAction","target":["https:\/\/expressometro.mx\/index.php\/editorial\/"]}]},{"@type":"BreadcrumbList","@id":"https:\/\/expressometro.mx\/index.php\/editorial\/#breadcrumb","itemListElement":[{"@type":"ListItem","position":1,"name":"Inicio","item":"https:\/\/expressometro.mx\/"},{"@type":"ListItem","position":2,"name":"Editorial"}]},{"@type":"WebSite","@id":"https:\/\/expressometro.mx\/#website","url":"https:\/\/expressometro.mx\/","name":"Expresso Metropolitano","description":"Periodismo comprometido, informaci\u00f3n, investigaci\u00f3n y an\u00e1lisis","publisher":{"@id":"https:\/\/expressometro.mx\/#organization"},"potentialAction":[{"@type":"SearchAction","target":{"@type":"EntryPoint","urlTemplate":"https:\/\/expressometro.mx\/?s={search_term_string}"},"query-input":{"@type":"PropertyValueSpecification","valueRequired":true,"valueName":"search_term_string"}}],"inLanguage":"es"},{"@type":"Organization","@id":"https:\/\/expressometro.mx\/#organization","name":"Expresso Metropolitano","url":"https:\/\/expressometro.mx\/","logo":{"@type":"ImageObject","inLanguage":"es","@id":"https:\/\/expressometro.mx\/#\/schema\/logo\/image\/","url":"https:\/\/expressometro.mx\/wp-content\/uploads\/2019\/07\/cropped-Logo-Expresso-Metropolitano-1-1.jpeg","contentUrl":"https:\/\/expressometro.mx\/wp-content\/uploads\/2019\/07\/cropped-Logo-Expresso-Metropolitano-1-1.jpeg","width":290,"height":73,"caption":"Expresso Metropolitano"},"image":{"@id":"https:\/\/expressometro.mx\/#\/schema\/logo\/image\/"}}]}},"amp_enabled":true,"_links":{"self":[{"href":"https:\/\/expressometro.mx\/index.php\/wp-json\/wp\/v2\/pages\/2","targetHints":{"allow":["GET"]}}],"collection":[{"href":"https:\/\/expressometro.mx\/index.php\/wp-json\/wp\/v2\/pages"}],"about":[{"href":"https:\/\/expressometro.mx\/index.php\/wp-json\/wp\/v2\/types\/page"}],"author":[{"embeddable":true,"href":"https:\/\/expressometro.mx\/index.php\/wp-json\/wp\/v2\/users\/1"}],"replies":[{"embeddable":true,"href":"https:\/\/expressometro.mx\/index.php\/wp-json\/wp\/v2\/comments?post=2"}],"version-history":[{"count":2,"href":"https:\/\/expressometro.mx\/index.php\/wp-json\/wp\/v2\/pages\/2\/revisions"}],"predecessor-version":[{"id":451,"href":"https:\/\/expressometro.mx\/index.php\/wp-json\/wp\/v2\/pages\/2\/revisions\/451"}],"wp:attachment":[{"href":"https:\/\/expressometro.mx\/index.php\/wp-json\/wp\/v2\/media?parent=2"}],"curies":[{"name":"wp","href":"https:\/\/api.w.org\/{rel}","templated":true}]}}