{"id":18,"date":"2019-07-16T00:30:46","date_gmt":"2019-07-16T00:30:46","guid":{"rendered":"http:\/\/expressometro.tk\/?page_id=18"},"modified":"2019-09-12T18:43:30","modified_gmt":"2019-09-12T23:43:30","slug":"directorio","status":"publish","type":"page","link":"https:\/\/expressometro.mx\/index.php\/directorio\/","title":{"rendered":"Directorio"},"content":{"rendered":"\n<p><strong>DIRECTOR EDITORIAL<\/strong><\/p>\n\n\n\n<p>Andrea Soto Vega<\/p>\n\n\n\n<p><strong>COORDINADOR DE INFORMACI\u00d3N <\/strong><\/p>\n\n\n\n<p>Cecilia Hern\u00e1ndez<\/p>\n\n\n\n<p><strong>DIRECCI\u00d3N DE PUBLICIDAD<\/strong><\/p>\n\n\n\n<p>Rosa Elena Rodr\u00edguez<\/p>\n\n\n\n<p><strong>DIRECCI\u00d3N DE ADMINISTRACI\u00d3N<\/strong><\/p>\n\n\n\n<p>Elena Rodr\u00edguez S\u00e1nchez<\/p>\n\n\n\n<p><strong>COLABORADORES<\/strong><\/p>\n\n\n\n<p>Rafael Arce Ru\u00edz<\/p>\n\n\n\n<p>Andr\u00e9s Toledo Mart\u00ednez<\/p>\n\n\n\n<p>Omar de Alba<\/p>\n\n\n\n<p>Juan Carlos Cartagena<\/p>\n\n\n\n<p>Antonio Rosales<\/p>\n\n\n\n<p>Germ\u00e1n Cravioto<\/p>\n\n\n\n<p>PRP Comunicaci\u00f3n<\/p>\n\n\n\n<p>Ra\u00fal Lozano<\/p>\n\n\n\n<p><strong>EDITORIALISTAS<\/strong><\/p>\n\n\n\n<p>Fernando Ru\u00edz Canales<\/p>\n\n\n\n<p>Domingo Giordano V\u00e9lez<\/p>\n\n\n\n<p>Connie Villeda<\/p>\n\n\n\n<p>Fabiola de la Rosa<\/p>\n\n\n\n<p><strong>FOTOGRAF\u00cdA<\/strong><\/p>\n\n\n\n<p>Grupo Expresso<\/p>\n\n\n\n<p>Alonso Hern\u00e1ndez<\/p>\n\n\n\n<p> <strong>DISE\u00d1O <\/strong><\/p>\n\n\n\n<p>Lirio Morales Castaneda<\/p>\n\n\n\n<p><strong>WEBMASTER<\/strong><\/p>\n\n\n\n<p><\/p>\n","protected":false},"excerpt":{"rendered":"<p>DIRECTOR EDITORIAL Andrea Soto Vega COORDINADOR DE INFORMACI\u00d3N Cecilia Hern\u00e1ndez DIRECCI\u00d3N DE PUBLICIDAD Rosa Elena Rodr\u00edguez DIRECCI\u00d3N DE ADMINISTRACI\u00d3N Elena Rodr\u00edguez S\u00e1nchez COLABORADORES Rafael Arce Ru\u00edz Andr\u00e9s Toledo Mart\u00ednez Omar de Alba Juan Carlos Cartagena Antonio Rosales Germ\u00e1n Cravioto PRP Comunicaci\u00f3n Ra\u00fal Lozano EDITORIALISTAS Fernando Ru\u00edz Canales Domingo Giordano V\u00e9lez Connie Villeda Fabiola de la Rosa FOTOGRAF\u00cdA Grupo Expresso Alonso Hern\u00e1ndez DISE\u00d1O Lirio Morales Castaneda WEBMASTER<\/p>\n","protected":false},"author":1,"featured_media":0,"parent":0,"menu_order":0,"comment_status":"closed","ping_status":"closed","template":"","meta":{"footnotes":""},"class_list":["post-18","page","type-page","status-publish","hentry"],"yoast_head":"<!-- This site is optimized with the Yoast SEO plugin v27.4 - https:\/\/yoast.com\/product\/yoast-seo-wordpress\/ -->\n<title>Directorio - Expresso Metropolitano<\/title>\n<meta name=\"robots\" content=\"index, follow, max-snippet:-1, max-image-preview:large, max-video-preview:-1\" \/>\n<link rel=\"canonical\" href=\"https:\/\/expressometro.mx\/index.php\/directorio\/\" \/>\n<meta property=\"og:locale\" content=\"es_MX\" \/>\n<meta property=\"og:type\" content=\"article\" \/>\n<meta property=\"og:title\" content=\"Directorio - Expresso Metropolitano\" \/>\n<meta property=\"og:description\" content=\"DIRECTOR EDITORIAL Andrea Soto Vega COORDINADOR DE INFORMACI\u00d3N Cecilia Hern\u00e1ndez DIRECCI\u00d3N DE PUBLICIDAD Rosa Elena Rodr\u00edguez DIRECCI\u00d3N DE ADMINISTRACI\u00d3N Elena Rodr\u00edguez S\u00e1nchez COLABORADORES Rafael Arce Ru\u00edz Andr\u00e9s Toledo Mart\u00ednez Omar de Alba Juan Carlos Cartagena Antonio Rosales Germ\u00e1n Cravioto PRP Comunicaci\u00f3n Ra\u00fal Lozano EDITORIALISTAS Fernando Ru\u00edz Canales Domingo Giordano V\u00e9lez Connie Villeda Fabiola de la Rosa FOTOGRAF\u00cdA Grupo Expresso Alonso Hern\u00e1ndez DISE\u00d1O Lirio Morales Castaneda WEBMASTER\" \/>\n<meta property=\"og:url\" content=\"https:\/\/expressometro.mx\/index.php\/directorio\/\" \/>\n<meta property=\"og:site_name\" content=\"Expresso Metropolitano\" \/>\n<meta property=\"article:modified_time\" content=\"2019-09-12T23:43:30+00:00\" \/>\n<script type=\"application\/ld+json\" class=\"yoast-schema-graph\">{\"@context\":\"https:\\\/\\\/schema.org\",\"@graph\":[{\"@type\":\"WebPage\",\"@id\":\"https:\\\/\\\/expressometro.mx\\\/index.php\\\/directorio\\\/\",\"url\":\"https:\\\/\\\/expressometro.mx\\\/index.php\\\/directorio\\\/\",\"name\":\"Directorio - Expresso Metropolitano\",\"isPartOf\":{\"@id\":\"https:\\\/\\\/expressometro.mx\\\/#website\"},\"datePublished\":\"2019-07-16T00:30:46+00:00\",\"dateModified\":\"2019-09-12T23:43:30+00:00\",\"breadcrumb\":{\"@id\":\"https:\\\/\\\/expressometro.mx\\\/index.php\\\/directorio\\\/#breadcrumb\"},\"inLanguage\":\"es\",\"potentialAction\":[{\"@type\":\"ReadAction\",\"target\":[\"https:\\\/\\\/expressometro.mx\\\/index.php\\\/directorio\\\/\"]}]},{\"@type\":\"BreadcrumbList\",\"@id\":\"https:\\\/\\\/expressometro.mx\\\/index.php\\\/directorio\\\/#breadcrumb\",\"itemListElement\":[{\"@type\":\"ListItem\",\"position\":1,\"name\":\"Inicio\",\"item\":\"https:\\\/\\\/expressometro.mx\\\/\"},{\"@type\":\"ListItem\",\"position\":2,\"name\":\"Directorio\"}]},{\"@type\":\"WebSite\",\"@id\":\"https:\\\/\\\/expressometro.mx\\\/#website\",\"url\":\"https:\\\/\\\/expressometro.mx\\\/\",\"name\":\"Expresso Metropolitano\",\"description\":\"Periodismo comprometido, informaci\u00f3n, investigaci\u00f3n y an\u00e1lisis\",\"publisher\":{\"@id\":\"https:\\\/\\\/expressometro.mx\\\/#organization\"},\"potentialAction\":[{\"@type\":\"SearchAction\",\"target\":{\"@type\":\"EntryPoint\",\"urlTemplate\":\"https:\\\/\\\/expressometro.mx\\\/?s={search_term_string}\"},\"query-input\":{\"@type\":\"PropertyValueSpecification\",\"valueRequired\":true,\"valueName\":\"search_term_string\"}}],\"inLanguage\":\"es\"},{\"@type\":\"Organization\",\"@id\":\"https:\\\/\\\/expressometro.mx\\\/#organization\",\"name\":\"Expresso Metropolitano\",\"url\":\"https:\\\/\\\/expressometro.mx\\\/\",\"logo\":{\"@type\":\"ImageObject\",\"inLanguage\":\"es\",\"@id\":\"https:\\\/\\\/expressometro.mx\\\/#\\\/schema\\\/logo\\\/image\\\/\",\"url\":\"https:\\\/\\\/expressometro.mx\\\/wp-content\\\/uploads\\\/2019\\\/07\\\/cropped-Logo-Expresso-Metropolitano-1-1.jpeg\",\"contentUrl\":\"https:\\\/\\\/expressometro.mx\\\/wp-content\\\/uploads\\\/2019\\\/07\\\/cropped-Logo-Expresso-Metropolitano-1-1.jpeg\",\"width\":290,\"height\":73,\"caption\":\"Expresso Metropolitano\"},\"image\":{\"@id\":\"https:\\\/\\\/expressometro.mx\\\/#\\\/schema\\\/logo\\\/image\\\/\"}}]}<\/script>\n<!-- \/ Yoast SEO plugin. -->","yoast_head_json":{"title":"Directorio - Expresso Metropolitano","robots":{"index":"index","follow":"follow","max-snippet":"max-snippet:-1","max-image-preview":"max-image-preview:large","max-video-preview":"max-video-preview:-1"},"canonical":"https:\/\/expressometro.mx\/index.php\/directorio\/","og_locale":"es_MX","og_type":"article","og_title":"Directorio - Expresso Metropolitano","og_description":"DIRECTOR EDITORIAL Andrea Soto Vega COORDINADOR DE INFORMACI\u00d3N Cecilia Hern\u00e1ndez DIRECCI\u00d3N DE PUBLICIDAD Rosa Elena Rodr\u00edguez DIRECCI\u00d3N DE ADMINISTRACI\u00d3N Elena Rodr\u00edguez S\u00e1nchez COLABORADORES Rafael Arce Ru\u00edz Andr\u00e9s Toledo Mart\u00ednez Omar de Alba Juan Carlos Cartagena Antonio Rosales Germ\u00e1n Cravioto PRP Comunicaci\u00f3n Ra\u00fal Lozano EDITORIALISTAS Fernando Ru\u00edz Canales Domingo Giordano V\u00e9lez Connie Villeda Fabiola de la Rosa FOTOGRAF\u00cdA Grupo Expresso Alonso Hern\u00e1ndez DISE\u00d1O Lirio Morales Castaneda WEBMASTER","og_url":"https:\/\/expressometro.mx\/index.php\/directorio\/","og_site_name":"Expresso Metropolitano","article_modified_time":"2019-09-12T23:43:30+00:00","schema":{"@context":"https:\/\/schema.org","@graph":[{"@type":"WebPage","@id":"https:\/\/expressometro.mx\/index.php\/directorio\/","url":"https:\/\/expressometro.mx\/index.php\/directorio\/","name":"Directorio - Expresso Metropolitano","isPartOf":{"@id":"https:\/\/expressometro.mx\/#website"},"datePublished":"2019-07-16T00:30:46+00:00","dateModified":"2019-09-12T23:43:30+00:00","breadcrumb":{"@id":"https:\/\/expressometro.mx\/index.php\/directorio\/#breadcrumb"},"inLanguage":"es","potentialAction":[{"@type":"ReadAction","target":["https:\/\/expressometro.mx\/index.php\/directorio\/"]}]},{"@type":"BreadcrumbList","@id":"https:\/\/expressometro.mx\/index.php\/directorio\/#breadcrumb","itemListElement":[{"@type":"ListItem","position":1,"name":"Inicio","item":"https:\/\/expressometro.mx\/"},{"@type":"ListItem","position":2,"name":"Directorio"}]},{"@type":"WebSite","@id":"https:\/\/expressometro.mx\/#website","url":"https:\/\/expressometro.mx\/","name":"Expresso Metropolitano","description":"Periodismo comprometido, informaci\u00f3n, investigaci\u00f3n y an\u00e1lisis","publisher":{"@id":"https:\/\/expressometro.mx\/#organization"},"potentialAction":[{"@type":"SearchAction","target":{"@type":"EntryPoint","urlTemplate":"https:\/\/expressometro.mx\/?s={search_term_string}"},"query-input":{"@type":"PropertyValueSpecification","valueRequired":true,"valueName":"search_term_string"}}],"inLanguage":"es"},{"@type":"Organization","@id":"https:\/\/expressometro.mx\/#organization","name":"Expresso Metropolitano","url":"https:\/\/expressometro.mx\/","logo":{"@type":"ImageObject","inLanguage":"es","@id":"https:\/\/expressometro.mx\/#\/schema\/logo\/image\/","url":"https:\/\/expressometro.mx\/wp-content\/uploads\/2019\/07\/cropped-Logo-Expresso-Metropolitano-1-1.jpeg","contentUrl":"https:\/\/expressometro.mx\/wp-content\/uploads\/2019\/07\/cropped-Logo-Expresso-Metropolitano-1-1.jpeg","width":290,"height":73,"caption":"Expresso Metropolitano"},"image":{"@id":"https:\/\/expressometro.mx\/#\/schema\/logo\/image\/"}}]}},"amp_enabled":true,"_links":{"self":[{"href":"https:\/\/expressometro.mx\/index.php\/wp-json\/wp\/v2\/pages\/18","targetHints":{"allow":["GET"]}}],"collection":[{"href":"https:\/\/expressometro.mx\/index.php\/wp-json\/wp\/v2\/pages"}],"about":[{"href":"https:\/\/expressometro.mx\/index.php\/wp-json\/wp\/v2\/types\/page"}],"author":[{"embeddable":true,"href":"https:\/\/expressometro.mx\/index.php\/wp-json\/wp\/v2\/users\/1"}],"replies":[{"embeddable":true,"href":"https:\/\/expressometro.mx\/index.php\/wp-json\/wp\/v2\/comments?post=18"}],"version-history":[{"count":2,"href":"https:\/\/expressometro.mx\/index.php\/wp-json\/wp\/v2\/pages\/18\/revisions"}],"predecessor-version":[{"id":356,"href":"https:\/\/expressometro.mx\/index.php\/wp-json\/wp\/v2\/pages\/18\/revisions\/356"}],"wp:attachment":[{"href":"https:\/\/expressometro.mx\/index.php\/wp-json\/wp\/v2\/media?parent=18"}],"curies":[{"name":"wp","href":"https:\/\/api.w.org\/{rel}","templated":true}]}}